{"id":43,"date":"2024-09-12T14:08:44","date_gmt":"2024-09-12T12:08:44","guid":{"rendered":"https:\/\/neuropsychologue-stephan.fr\/?page_id=43"},"modified":"2024-09-12T14:14:13","modified_gmt":"2024-09-12T12:14:13","slug":"formulaire-de-contact-prise-rdv","status":"publish","type":"page","link":"https:\/\/neuropsychologue-stephan.fr\/index.php\/formulaire-de-contact-prise-rdv\/","title":{"rendered":"Formulaire de contact &#8211; prise rdv"},"content":{"rendered":"<div class=\"wpforms-container wpforms-container-full wpforms-block wpforms-block-1b3affed-e0da-4b4c-9e82-93075d41a5b6 wpforms-render-modern\" id=\"wpforms-36\"><form id=\"wpforms-form-36\" class=\"wpforms-validate wpforms-form wpforms-ajax-form\" data-formid=\"36\" method=\"post\" enctype=\"multipart\/form-data\" action=\"\/index.php\/wp-json\/wp\/v2\/pages\/43\" data-token=\"655f134a78d22b0cc54d5bc70295734d\" data-token-time=\"1775945901\"><noscript class=\"wpforms-error-noscript\">Please enable JavaScript in your browser to complete this form.<\/noscript><div class=\"wpforms-hidden\" id=\"wpforms-error-noscript\">Please enable JavaScript in your browser to complete this form.<\/div><div class=\"wpforms-field-container\"><div id=\"wpforms-36-field_1-container\" class=\"wpforms-field wpforms-field-name\" data-field-id=\"1\"><fieldset><legend class=\"wpforms-field-label\">Votre nom <span class=\"wpforms-required-label\" aria-hidden=\"true\">*<\/span><\/legend><div class=\"wpforms-field-row wpforms-field-large\"><div class=\"wpforms-field-row-block wpforms-first wpforms-one-half\"><input type=\"text\" id=\"wpforms-36-field_1\" class=\"wpforms-field-name-first wpforms-field-required\" name=\"wpforms[fields][1][first]\" aria-errormessage=\"wpforms-36-field_1-error\" required><label for=\"wpforms-36-field_1\" class=\"wpforms-field-sublabel after\">First<\/label><\/div><div class=\"wpforms-field-row-block wpforms-one-half\"><input type=\"text\" id=\"wpforms-36-field_1-last\" class=\"wpforms-field-name-last wpforms-field-required\" name=\"wpforms[fields][1][last]\" aria-errormessage=\"wpforms-36-field_1-last-error\" required><label for=\"wpforms-36-field_1-last\" class=\"wpforms-field-sublabel after\">Last<\/label><\/div><\/div><\/fieldset><\/div><div id=\"wpforms-36-field_4-container\" class=\"wpforms-field wpforms-field-email\" data-field-id=\"4\"><label class=\"wpforms-field-label\" for=\"wpforms-36-field_4\">Email<\/label><input type=\"email\" id=\"wpforms-36-field_4\" class=\"wpforms-field-medium\" name=\"wpforms[fields][4]\" spellcheck=\"false\" aria-errormessage=\"wpforms-36-field_4-error\" ><\/div><div id=\"wpforms-36-field_6-container\" class=\"wpforms-field wpforms-field-text\" data-field-id=\"6\"><label class=\"wpforms-field-label\" for=\"wpforms-36-field_6\">Num\u00e9ro de t\u00e9l\u00e9phone <span class=\"wpforms-required-label\" aria-hidden=\"true\">*<\/span><\/label><input type=\"text\" id=\"wpforms-36-field_6\" class=\"wpforms-field-large wpforms-field-required\" name=\"wpforms[fields][6]\" aria-errormessage=\"wpforms-36-field_6-error\" required><\/div><div id=\"wpforms-36-field_13-container\" class=\"wpforms-field wpforms-field-textarea\" data-field-id=\"13\"><label class=\"wpforms-field-label\" for=\"wpforms-36-field_13\">D\u00e9crivez la raison de cette demande de rendez-vous : <span class=\"wpforms-required-label\" aria-hidden=\"true\">*<\/span><\/label><textarea id=\"wpforms-36-field_13\" class=\"wpforms-field-medium wpforms-field-required\" name=\"wpforms[fields][13]\" aria-errormessage=\"wpforms-36-field_13-error\" required><\/textarea><\/div><div id=\"wpforms-36-field_9-container\" class=\"wpforms-field wpforms-field-checkbox\" data-field-id=\"9\"><fieldset><legend class=\"wpforms-field-label\">Avez-vous d\u00e9j\u00e0 consult\u00e9 un psychologue ?<\/legend><ul id=\"wpforms-36-field_9\"><li class=\"choice-1 depth-1\"><input type=\"checkbox\" id=\"wpforms-36-field_9_1\" name=\"wpforms[fields][9][]\" value=\"Oui\" aria-errormessage=\"wpforms-36-field_9_1-error\"  ><label class=\"wpforms-field-label-inline\" for=\"wpforms-36-field_9_1\">Oui<\/label><\/li><li class=\"choice-2 depth-1\"><input type=\"checkbox\" id=\"wpforms-36-field_9_2\" name=\"wpforms[fields][9][]\" value=\"Non\" aria-errormessage=\"wpforms-36-field_9_2-error\"  ><label class=\"wpforms-field-label-inline\" for=\"wpforms-36-field_9_2\">Non<\/label><\/li><\/ul><\/fieldset><\/div><div id=\"wpforms-36-field_10-container\" class=\"wpforms-field wpforms-field-checkbox\" data-field-id=\"10\"><fieldset><legend class=\"wpforms-field-label\">\u00cates vous suivi par un m\u00e9decin (g\u00e9n\u00e9raliste, sp\u00e9cialiste) ?<\/legend><ul id=\"wpforms-36-field_10\"><li class=\"choice-1 depth-1\"><input type=\"checkbox\" id=\"wpforms-36-field_10_1\" name=\"wpforms[fields][10][]\" value=\"oui\" aria-errormessage=\"wpforms-36-field_10_1-error\"  ><label class=\"wpforms-field-label-inline\" for=\"wpforms-36-field_10_1\">oui<\/label><\/li><li class=\"choice-2 depth-1\"><input type=\"checkbox\" id=\"wpforms-36-field_10_2\" name=\"wpforms[fields][10][]\" value=\"Non\" aria-errormessage=\"wpforms-36-field_10_2-error\"  ><label class=\"wpforms-field-label-inline\" for=\"wpforms-36-field_10_2\">Non<\/label><\/li><\/ul><\/fieldset><\/div><div id=\"wpforms-36-field_12-container\" class=\"wpforms-field wpforms-field-textarea\" data-field-id=\"12\"><label class=\"wpforms-field-label\" for=\"wpforms-36-field_12\">Quelles sont vos disponibilit\u00e9s ?<\/label><textarea id=\"wpforms-36-field_12\" class=\"wpforms-field-medium\" name=\"wpforms[fields][12]\" aria-errormessage=\"wpforms-36-field_12-error\" ><\/textarea><\/div><\/div><!-- .wpforms-field-container --><div class=\"wpforms-submit-container\" ><input type=\"hidden\" name=\"wpforms[id]\" value=\"36\"><input type=\"hidden\" name=\"page_title\" value=\"\"><input type=\"hidden\" name=\"page_url\" value=\"https:\/\/neuropsychologue-stephan.fr\/index.php\/wp-json\/wp\/v2\/pages\/43\"><input type=\"hidden\" name=\"url_referer\" value=\"\"><button type=\"submit\" name=\"wpforms[submit]\" id=\"wpforms-submit-36\" class=\"wpforms-submit\" data-alt-text=\"envoi en cours\" data-submit-text=\"envoyer\" aria-live=\"assertive\" value=\"wpforms-submit\">envoyer<\/button><img loading=\"lazy\" decoding=\"async\" src=\"https:\/\/neuropsychologue-stephan.fr\/wp-content\/plugins\/wpforms-lite\/assets\/images\/submit-spin.svg\" class=\"wpforms-submit-spinner\" style=\"display: none;\" width=\"26\" height=\"26\" alt=\"Loading\"><\/div><\/form><\/div>  <!-- .wpforms-container -->","protected":false},"excerpt":{"rendered":"","protected":false},"author":1,"featured_media":0,"parent":0,"menu_order":0,"comment_status":"closed","ping_status":"closed","template":"","meta":{"footnotes":""},"class_list":["post-43","page","type-page","status-publish","hentry","grid-sizer"],"_links":{"self":[{"href":"https:\/\/neuropsychologue-stephan.fr\/index.php\/wp-json\/wp\/v2\/pages\/43","targetHints":{"allow":["GET"]}}],"collection":[{"href":"https:\/\/neuropsychologue-stephan.fr\/index.php\/wp-json\/wp\/v2\/pages"}],"about":[{"href":"https:\/\/neuropsychologue-stephan.fr\/index.php\/wp-json\/wp\/v2\/types\/page"}],"author":[{"embeddable":true,"href":"https:\/\/neuropsychologue-stephan.fr\/index.php\/wp-json\/wp\/v2\/users\/1"}],"replies":[{"embeddable":true,"href":"https:\/\/neuropsychologue-stephan.fr\/index.php\/wp-json\/wp\/v2\/comments?post=43"}],"version-history":[{"count":1,"href":"https:\/\/neuropsychologue-stephan.fr\/index.php\/wp-json\/wp\/v2\/pages\/43\/revisions"}],"predecessor-version":[{"id":44,"href":"https:\/\/neuropsychologue-stephan.fr\/index.php\/wp-json\/wp\/v2\/pages\/43\/revisions\/44"}],"wp:attachment":[{"href":"https:\/\/neuropsychologue-stephan.fr\/index.php\/wp-json\/wp\/v2\/media?parent=43"}],"curies":[{"name":"wp","href":"https:\/\/api.w.org\/{rel}","templated":true}]}}